{"id":4476,"date":"2024-09-18T10:38:10","date_gmt":"2024-09-18T10:38:10","guid":{"rendered":"https:\/\/ceciliaarashiro.com.br\/site\/?page_id=4476"},"modified":"2024-09-18T10:42:54","modified_gmt":"2024-09-18T10:42:54","slug":"privacidade","status":"publish","type":"page","link":"https:\/\/ceciliaarashiro.com.br\/site\/privacidade\/","title":{"rendered":"Pol\u00edtica de Privacidade"},"content":{"rendered":"\n<style type=\"text\/css\" data-created_by=\"avia_inline_auto\" id=\"style-css-av-m17q825m-d5ba9b6a71e5334a6abd31a28c6c01ca\">\n.avia-section.av-m17q825m-d5ba9b6a71e5334a6abd31a28c6c01ca{\nbackground-color:#ededed;\nbackground-image:unset;\n}\n<\/style>\n<div id='av_section_1'  class='avia-section av-m17q825m-d5ba9b6a71e5334a6abd31a28c6c01ca main_color avia-section-default avia-no-border-styling  avia-builder-el-0  avia-builder-el-no-sibling  avia-bg-style-scroll av-minimum-height av-minimum-height-25  container_wrap sidebar_right'   data-av_minimum_height_pc='25'><div class='container av-section-cont-open' ><main  role=\"main\" itemprop=\"mainContentOfPage\"  class='template-page content  av-content-small alpha units'><div class='post-entry post-entry-type-page post-entry-4476'><div class='entry-content-wrapper clearfix'>\n\n<style type=\"text\/css\" data-created_by=\"avia_inline_auto\" id=\"style-css-av-m17q8met-a89563a995c8e23232d7780cdd355f05\">\n.avia-image-container.av-m17q8met-a89563a995c8e23232d7780cdd355f05 img.avia_image{\nbox-shadow:none;\n}\n.avia-image-container.av-m17q8met-a89563a995c8e23232d7780cdd355f05 .av-image-caption-overlay-center{\ncolor:#ffffff;\n}\n<\/style>\n<div  class='avia-image-container av-m17q8met-a89563a995c8e23232d7780cdd355f05 av-styling- avia-align-center  avia-builder-el-1  el_before_av_hr  avia-builder-el-first '   itemprop=\"image\" itemscope=\"itemscope\" itemtype=\"https:\/\/schema.org\/ImageObject\" ><div class=\"avia-image-container-inner\"><div class=\"avia-image-overlay-wrap\"><img decoding=\"async\" class='wp-image-4139 avia-img-lazy-loading-not-4139 avia_image ' src=\"https:\/\/ceciliaarashiro.com.br\/site\/wp-content\/uploads\/2024\/07\/logocolorheader-300x78.png\" alt='' title='logocolorheader'  height=\"78\" width=\"300\"  itemprop=\"thumbnailUrl\" srcset=\"https:\/\/ceciliaarashiro.com.br\/site\/wp-content\/uploads\/2024\/07\/logocolorheader-300x78.png 300w, https:\/\/ceciliaarashiro.com.br\/site\/wp-content\/uploads\/2024\/07\/logocolorheader.png 600w\" sizes=\"(max-width: 300px) 100vw, 300px\" \/><\/div><\/div><\/div>\n\n<style type=\"text\/css\" data-created_by=\"avia_inline_auto\" id=\"style-css-av-m17qgqwo-6139ab5783a4b18d32384fd1f2402563\">\n#top .hr.av-m17qgqwo-6139ab5783a4b18d32384fd1f2402563{\nmargin-top:30px;\nmargin-bottom:30px;\n}\n.hr.av-m17qgqwo-6139ab5783a4b18d32384fd1f2402563 .hr-inner{\nwidth:50px;\nborder-color:#3f3f3f;\n}\n<\/style>\n<div  class='hr av-m17qgqwo-6139ab5783a4b18d32384fd1f2402563 hr-custom  avia-builder-el-2  el_after_av_image  el_before_av_heading  hr-center hr-icon-no'><span class='hr-inner inner-border-av-border-thin'><span class=\"hr-inner-style\"><\/span><\/span><\/div>\n\n<style type=\"text\/css\" data-created_by=\"avia_inline_auto\" id=\"style-css-av-lxaaee74-63ba2dbfcae9b428510d0ff982894d51\">\n#top .av-special-heading.av-lxaaee74-63ba2dbfcae9b428510d0ff982894d51{\npadding-bottom:10px;\ncolor:#bababa;\n}\nbody .av-special-heading.av-lxaaee74-63ba2dbfcae9b428510d0ff982894d51 .av-special-heading-tag .heading-char{\nfont-size:25px;\n}\n.av-special-heading.av-lxaaee74-63ba2dbfcae9b428510d0ff982894d51 .special-heading-inner-border{\nborder-color:#bababa;\n}\n.av-special-heading.av-lxaaee74-63ba2dbfcae9b428510d0ff982894d51 .av-subheading{\nfont-size:15px;\n}\n<\/style>\n<div  class='av-special-heading av-lxaaee74-63ba2dbfcae9b428510d0ff982894d51 av-special-heading-h2 custom-color-heading blockquote modern-quote modern-centered  avia-builder-el-3  el_after_av_hr  el_before_av_hr '><h2 class='av-special-heading-tag'  itemprop=\"headline\"  >Pol\u00edtica de Privacidade<\/h2><div class=\"special-heading-border\"><div class=\"special-heading-inner-border\"><\/div><\/div><\/div>\n\n<style type=\"text\/css\" data-created_by=\"avia_inline_auto\" id=\"style-css-av-1zjr7w-ad6e59a017e60d87ce1b3503449502e7\">\n#top .hr.av-1zjr7w-ad6e59a017e60d87ce1b3503449502e7{\nmargin-top:30px;\nmargin-bottom:30px;\n}\n.hr.av-1zjr7w-ad6e59a017e60d87ce1b3503449502e7 .hr-inner{\nwidth:1200px;\nborder-color:#3f3f3f;\n}\n<\/style>\n<div  class='hr av-1zjr7w-ad6e59a017e60d87ce1b3503449502e7 hr-custom  avia-builder-el-4  el_after_av_heading  el_before_av_textblock  hr-center hr-icon-no'><span class='hr-inner inner-border-av-border-thin'><span class=\"hr-inner-style\"><\/span><\/span><\/div>\n<section  class='av_textblock_section av-m17qaq9y-08bc1bdd134aef8d2ba8707578ab0fa2'  itemscope=\"itemscope\" itemtype=\"https:\/\/schema.org\/CreativeWork\" ><div class='avia_textblock'  itemprop=\"text\" ><h3 style=\"text-align: center;\">LGPD<\/h3>\n<p style=\"text-align: center;\">Em obedi\u00eancia a\u00a0<a href=\"http:\/\/www.planalto.gov.br\/ccivil_03\/_ato2015-2018\/2018\/lei\/L13709.htm\" target=\"_blank\" rel=\"noopener\">lei n\u00ba 13.859 de 2019<\/a>\u00a0informamos que nosso site usa cookies funcionais e scripts para melhorar sua experi\u00eancia.<\/p>\n<h3 style=\"text-align: center;\">COMO UTILIZAMOS OS COOKIES<\/h3>\n<p style=\"text-align: center;\">Este site usa cookies funcionais e scripts externos para melhorar sua experi\u00eancia. Os cookies e scripts utilizados n\u00e3o afetam sua visita.<\/p>\n<h3 style=\"text-align: center;\">GOOGLE ANALYTICS COOKIES<\/h3>\n<p style=\"text-align: center;\">O site da Dra Cecilia Arashiro utiliza cookies do Google Analytics que recolhem dados estat\u00edsticos para melhorar a apresenta\u00e7\u00e3o e navega\u00e7\u00e3o no Site. O Google completa os dados agregados com dados demogr\u00e1ficos e outras informa\u00e7\u00f5es, para que possamos entender melhor nossos visitantes.<\/p>\n<\/div><\/section>\n<\/div><\/div><\/main><!-- close content main element --><\/div><\/div><div id='after_section_1'  class='main_color av_default_container_wrap container_wrap sidebar_right'  ><div class='container av-section-cont-open' ><div class='template-page content  av-content-small alpha units'><div class='post-entry post-entry-type-page post-entry-4476'><div class='entry-content-wrapper clearfix'>\n","protected":false},"excerpt":{"rendered":"","protected":false},"author":1,"featured_media":0,"parent":0,"menu_order":0,"comment_status":"closed","ping_status":"closed","template":"","meta":{"_joinchat":[],"footnotes":""},"class_list":["post-4476","page","type-page","status-publish","hentry"],"_links":{"self":[{"href":"https:\/\/ceciliaarashiro.com.br\/site\/wp-json\/wp\/v2\/pages\/4476","targetHints":{"allow":["GET"]}}],"collection":[{"href":"https:\/\/ceciliaarashiro.com.br\/site\/wp-json\/wp\/v2\/pages"}],"about":[{"href":"https:\/\/ceciliaarashiro.com.br\/site\/wp-json\/wp\/v2\/types\/page"}],"author":[{"embeddable":true,"href":"https:\/\/ceciliaarashiro.com.br\/site\/wp-json\/wp\/v2\/users\/1"}],"replies":[{"embeddable":true,"href":"https:\/\/ceciliaarashiro.com.br\/site\/wp-json\/wp\/v2\/comments?post=4476"}],"version-history":[{"count":9,"href":"https:\/\/ceciliaarashiro.com.br\/site\/wp-json\/wp\/v2\/pages\/4476\/revisions"}],"predecessor-version":[{"id":4478,"href":"https:\/\/ceciliaarashiro.com.br\/site\/wp-json\/wp\/v2\/pages\/4476\/revisions\/4478"}],"wp:attachment":[{"href":"https:\/\/ceciliaarashiro.com.br\/site\/wp-json\/wp\/v2\/media?parent=4476"}],"curies":[{"name":"wp","href":"https:\/\/api.w.org\/{rel}","templated":true}]}}